{"id":1453,"date":"2023-03-07T11:12:41","date_gmt":"2023-03-07T11:12:41","guid":{"rendered":"https:\/\/www.macisgroup.az\/?page_id=1453"},"modified":"2025-12-09T13:34:13","modified_gmt":"2025-12-09T09:34:13","slug":"bizimle-elaqe","status":"publish","type":"page","link":"https:\/\/a-nur.az\/en\/bizimle-elaqe\/","title":{"rendered":"Contact Us"},"content":{"rendered":"<div data-elementor-type=\"wp-page\" data-elementor-id=\"1453\" class=\"elementor elementor-1453\">\n\t\t\t\t\t\t<section class=\"elementor-section elementor-top-section elementor-element elementor-element-306f2c24 elementor-section-boxed elementor-section-height-default elementor-section-height-default sc_fly_static\" data-id=\"306f2c24\" data-element_type=\"section\" data-e-type=\"section\">\n\t\t\t\t\t\t<div class=\"elementor-container elementor-column-gap-extended\">\n\t\t\t\t\t<div class=\"elementor-column elementor-col-100 elementor-top-column elementor-element elementor-element-367ee624 sc_content_align_inherit sc_layouts_column_icons_position_left sc_fly_static\" data-id=\"367ee624\" data-element_type=\"column\" data-e-type=\"column\">\n\t\t\t<div class=\"elementor-widget-wrap elementor-element-populated\">\n\t\t\t\t\t\t<div class=\"elementor-element elementor-element-3ecd4bc8 sc_height_huge sc_fly_static elementor-widget elementor-widget-spacer\" data-id=\"3ecd4bc8\" data-element_type=\"widget\" data-e-type=\"widget\" data-widget_type=\"spacer.default\">\n\t\t\t\t<div class=\"elementor-widget-container\">\n\t\t\t\t\t\t\t<div class=\"elementor-spacer\">\n\t\t\t<div class=\"elementor-spacer-inner\"><\/div>\n\t\t<\/div>\n\t\t\t\t\t\t<\/div>\n\t\t\t\t<\/div>\n\t\t\t\t<section class=\"elementor-section elementor-inner-section elementor-element elementor-element-a444612 elementor-section-boxed elementor-section-height-default elementor-section-height-default sc_fly_static\" data-id=\"a444612\" data-element_type=\"section\" data-e-type=\"section\">\n\t\t\t\t\t\t<div class=\"elementor-container elementor-column-gap-no\">\n\t\t\t\t\t<div class=\"elementor-column elementor-col-50 elementor-inner-column elementor-element elementor-element-2aa59636 sc_content_align_inherit sc_layouts_column_icons_position_left sc_fly_static\" data-id=\"2aa59636\" data-element_type=\"column\" data-e-type=\"column\">\n\t\t\t<div class=\"elementor-widget-wrap elementor-element-populated\">\n\t\t\t\t\t\t<div class=\"elementor-element elementor-element-27bab5e8 sc_fly_static elementor-widget elementor-widget-trx_sc_title\" data-id=\"27bab5e8\" data-element_type=\"widget\" data-e-type=\"widget\" data-widget_type=\"trx_sc_title.default\">\n\t\t\t\t<div class=\"elementor-widget-container\">\n\t\t\t\t\t<div\t\tclass=\"sc_title sc_title_default\" ><span class=\"sc_item_subtitle sc_title_subtitle sc_item_subtitle_above sc_item_title_style_default\">Contact US<\/span><h1 class=\"sc_item_title sc_title_title sc_item_title_style_default sc_item_title_tag\"\n\t\t\t><span class=\"sc_item_title_text\">We are ready for professional support<\/span><\/h1><div class=\"sc_item_descr sc_title_descr\"><p>If you have any questions, collaboration proposals, or price requests regarding your architectural, construction, or renovation project, please contact us. Your request will be answered as soon as possible.<\/p>\n<\/div><\/div>\t\t\t\t<\/div>\n\t\t\t\t<\/div>\n\t\t\t\t\t<\/div>\n\t\t<\/div>\n\t\t\t\t<div class=\"elementor-column elementor-col-50 elementor-inner-column elementor-element elementor-element-4d2981a6 sc_content_align_inherit sc_layouts_column_icons_position_left sc_fly_static\" data-id=\"4d2981a6\" data-element_type=\"column\" data-e-type=\"column\">\n\t\t\t<div class=\"elementor-widget-wrap elementor-element-populated\">\n\t\t\t\t\t\t<div class=\"elementor-element elementor-element-18516ba9 sc_layouts_hide_on_wide sc_layouts_hide_on_desktop sc_layouts_hide_on_notebook sc_fly_static elementor-widget elementor-widget-spacer\" data-id=\"18516ba9\" data-element_type=\"widget\" data-e-type=\"widget\" data-widget_type=\"spacer.default\">\n\t\t\t\t<div class=\"elementor-widget-container\">\n\t\t\t\t\t\t\t<div class=\"elementor-spacer\">\n\t\t\t<div class=\"elementor-spacer-inner\"><\/div>\n\t\t<\/div>\n\t\t\t\t\t\t<\/div>\n\t\t\t\t<\/div>\n\t\t\t\t<div class=\"elementor-element elementor-element-39368c24 sc_fly_static elementor-widget elementor-widget-trx_sc_icons\" data-id=\"39368c24\" data-element_type=\"widget\" data-e-type=\"widget\" data-widget_type=\"trx_sc_icons.default\">\n\t\t\t\t<div class=\"elementor-widget-container\">\n\t\t\t\t\t<div \tclass=\"sc_icons sc_icons_bordered sc_icons_size_small sc_align_none\" ><div class=\"sc_icons_columns_wrap sc_item_columns trx_addons_columns_wrap columns_padding_bottom columns_in_single_row\" ><div class=\"trx_addons_column-1_2 trx_addons_column-1_1-tablet\"><div class=\"sc_icons_item\"><div class=\"sc_icons_icon sc_icon_type_ icon-marker\" ><span class=\"sc_icon_type_ icon-marker\"><\/span><\/div><div class=\"sc_icons_item_details\"><h4 class=\"sc_icons_item_title\"><span>Address<\/span><\/h4><div class=\"sc_icons_item_description\"><span>Regent Plaza, Hasan Aliyev 118 Baku, AZ1078<\/span><\/div><\/div><\/div><\/div><div class=\"trx_addons_column-1_2 trx_addons_column-1_1-tablet\"><div class=\"sc_icons_item\"><div class=\"sc_icons_icon sc_icon_type_ icon-iphone\" ><span class=\"sc_icon_type_ icon-iphone\"><\/span><\/div><div class=\"sc_icons_item_details\"><h4 class=\"sc_icons_item_title\"><span>Contact<\/span><\/h4><div class=\"sc_icons_item_description\"><span><a href=\"mailto:office@a-nur.az\">office@a-nur.az<\/a><\/span><span><\/span><span>+994 55 555 55 55<\/span><span><\/span><span><\/span><\/div><\/div><\/div><\/div><\/div><\/div><!-- \/.sc_icons -->\t\t\t\t<\/div>\n\t\t\t\t<\/div>\n\t\t\t\t\t<\/div>\n\t\t<\/div>\n\t\t\t\t\t<\/div>\n\t\t<\/section>\n\t\t\t\t<div class=\"elementor-element elementor-element-40c36669 sc_height_huge sc_fly_static elementor-widget elementor-widget-spacer\" data-id=\"40c36669\" data-element_type=\"widget\" data-e-type=\"widget\" data-widget_type=\"spacer.default\">\n\t\t\t\t<div class=\"elementor-widget-container\">\n\t\t\t\t\t\t\t<div class=\"elementor-spacer\">\n\t\t\t<div class=\"elementor-spacer-inner\"><\/div>\n\t\t<\/div>\n\t\t\t\t\t\t<\/div>\n\t\t\t\t<\/div>\n\t\t\t\t\t<\/div>\n\t\t<\/div>\n\t\t\t\t\t<\/div>\n\t\t<\/section>\n\t\t\t\t<section class=\"elementor-section elementor-top-section elementor-element elementor-element-b35b84a elementor-section-full_width elementor-section-height-default elementor-section-height-default sc_fly_static\" data-id=\"b35b84a\" data-element_type=\"section\" data-e-type=\"section\" data-settings=\"{&quot;background_background&quot;:&quot;classic&quot;}\">\n\t\t\t\t\t\t<div class=\"elementor-container elementor-column-gap-no\">\n\t\t\t\t\t<div class=\"elementor-column elementor-col-100 elementor-top-column elementor-element elementor-element-d92b45a sc_content_align_inherit sc_layouts_column_icons_position_left sc_fly_static\" data-id=\"d92b45a\" data-element_type=\"column\" data-e-type=\"column\">\n\t\t\t<div class=\"elementor-widget-wrap elementor-element-populated\">\n\t\t\t\t\t\t<div class=\"elementor-element elementor-element-0a4c225 sc_fly_static elementor-widget elementor-widget-trx_sc_googlemap\" data-id=\"0a4c225\" data-element_type=\"widget\" data-e-type=\"widget\" data-widget_type=\"trx_sc_googlemap.default\">\n\t\t\t\t<div class=\"elementor-widget-container\">\n\t\t\t\t\t<div id=\"sc_googlemap_1189774323_wrap\" class=\"sc_googlemap_wrap\"><div id=\"sc_googlemap_1189774323\"\t\t\tclass=\"sc_item_content sc_map sc_googlemap sc_googlemap_default trx_addons_inline_571725338\"\n\t\t\t \t\t\tdata-zoom=\"12\"\n\t\t\tdata-center=\"\"\n\t\t\tdata-style=\"extra\"\n\t\t\tdata-map-id=\"\"\n\t\t\tdata-cluster-icon=\"\"\n\t\t\t><iframe\n\t\t\t\t\t\tsrc=\"https:\/\/maps.google.com\/maps?t=m&output=embed&iwloc=near&z=12&q=Regent+Plaza\"\n\t\t\t\t\t\taria-label=\"One\"><\/iframe><\/div><\/div>\t\t\t\t<\/div>\n\t\t\t\t<\/div>\n\t\t\t\t\t<\/div>\n\t\t<\/div>\n\t\t\t\t\t<\/div>\n\t\t<\/section>\n\t\t\t\t<\/div>","protected":false},"excerpt":{"rendered":"<p>B\u0130Z\u0130ML\u018f \u0259laq\u0259 Professional d\u0259st\u0259k \u00fc\u00e7\u00fcn haz\u0131r\u0131q Memarl\u0131q, tikinti v\u0259 ya t\u0259mir layih\u0259nizl\u0259 ba\u011fl\u0131 sual\u0131n\u0131z, \u0259m\u0259kda\u015fl\u0131q t\u0259klifiniz v\u0259 ya qiym\u0259t sor\u011funuz varsa biziml\u0259 \u0259laq\u0259 saxlay\u0131n. M\u00fcraci\u0259tiniz \u0259n q\u0131sa zamanda cavabland\u0131r\u0131lacaqd\u0131r. \u00dcnvan&hellip;<\/p>","protected":false},"author":1,"featured_media":0,"parent":0,"menu_order":0,"comment_status":"closed","ping_status":"closed","template":"","meta":{"footnotes":""},"class_list":["post-1453","page","type-page","status-publish","hentry"],"yoast_head":"<!-- This site is optimized with the Yoast SEO plugin v26.9 - https:\/\/yoast.com\/product\/yoast-seo-wordpress\/ -->\n<title>Biziml\u0259 \u018flaq\u0259 - A-Nur<\/title>\n<meta name=\"robots\" content=\"index, follow, max-snippet:-1, max-image-preview:large, max-video-preview:-1\" \/>\n<link rel=\"canonical\" href=\"https:\/\/a-nur.az\/en\/bizimle-elaqe\/\" \/>\n<meta property=\"og:locale\" content=\"en_US\" \/>\n<meta property=\"og:type\" content=\"article\" \/>\n<meta property=\"og:title\" content=\"Biziml\u0259 \u018flaq\u0259 - A-Nur\" \/>\n<meta property=\"og:description\" content=\"B\u0130Z\u0130ML\u018f \u0259laq\u0259 Professional d\u0259st\u0259k \u00fc\u00e7\u00fcn haz\u0131r\u0131q Memarl\u0131q, tikinti v\u0259 ya t\u0259mir layih\u0259nizl\u0259 ba\u011fl\u0131 sual\u0131n\u0131z, \u0259m\u0259kda\u015fl\u0131q t\u0259klifiniz v\u0259 ya qiym\u0259t sor\u011funuz varsa biziml\u0259 \u0259laq\u0259 saxlay\u0131n. M\u00fcraci\u0259tiniz \u0259n q\u0131sa zamanda cavabland\u0131r\u0131lacaqd\u0131r. \u00dcnvan&hellip;\" \/>\n<meta property=\"og:url\" content=\"https:\/\/a-nur.az\/en\/bizimle-elaqe\/\" \/>\n<meta property=\"og:site_name\" content=\"A-Nur\" \/>\n<meta property=\"article:modified_time\" content=\"2025-12-09T09:34:13+00:00\" \/>\n<meta name=\"twitter:card\" content=\"summary_large_image\" \/>\n<script type=\"application\/ld+json\" class=\"yoast-schema-graph\">{\"@context\":\"https:\/\/schema.org\",\"@graph\":[{\"@type\":\"WebPage\",\"@id\":\"https:\/\/a-nur.az\/bizimle-elaqe\/\",\"url\":\"https:\/\/a-nur.az\/bizimle-elaqe\/\",\"name\":\"Biziml\u0259 \u018flaq\u0259 - A-Nur\",\"isPartOf\":{\"@id\":\"https:\/\/a-nur.az\/#website\"},\"datePublished\":\"2023-03-07T11:12:41+00:00\",\"dateModified\":\"2025-12-09T09:34:13+00:00\",\"breadcrumb\":{\"@id\":\"https:\/\/a-nur.az\/bizimle-elaqe\/#breadcrumb\"},\"inLanguage\":\"en-US\",\"potentialAction\":[{\"@type\":\"ReadAction\",\"target\":[\"https:\/\/a-nur.az\/bizimle-elaqe\/\"]}]},{\"@type\":\"BreadcrumbList\",\"@id\":\"https:\/\/a-nur.az\/bizimle-elaqe\/#breadcrumb\",\"itemListElement\":[{\"@type\":\"ListItem\",\"position\":1,\"name\":\"Home\",\"item\":\"https:\/\/a-nur.az\/\"},{\"@type\":\"ListItem\",\"position\":2,\"name\":\"Biziml\u0259 \u018flaq\u0259\"}]},{\"@type\":\"WebSite\",\"@id\":\"https:\/\/a-nur.az\/#website\",\"url\":\"https:\/\/a-nur.az\/\",\"name\":\"A-Nur\",\"description\":\"T\u0259mir, tikinti v\u0259 layih\u0259l\u0259ndirm\u0259 i\u015fl\u0259ri\",\"publisher\":{\"@id\":\"https:\/\/a-nur.az\/#organization\"},\"potentialAction\":[{\"@type\":\"SearchAction\",\"target\":{\"@type\":\"EntryPoint\",\"urlTemplate\":\"https:\/\/a-nur.az\/?s={search_term_string}\"},\"query-input\":{\"@type\":\"PropertyValueSpecification\",\"valueRequired\":true,\"valueName\":\"search_term_string\"}}],\"inLanguage\":\"en-US\"},{\"@type\":\"Organization\",\"@id\":\"https:\/\/a-nur.az\/#organization\",\"name\":\"A-Nur\",\"url\":\"https:\/\/a-nur.az\/\",\"logo\":{\"@type\":\"ImageObject\",\"inLanguage\":\"en-US\",\"@id\":\"https:\/\/a-nur.az\/#\/schema\/logo\/image\/\",\"url\":\"https:\/\/a-nur.az\/wp-content\/uploads\/2025\/12\/a-nur-favicon.png\",\"contentUrl\":\"https:\/\/a-nur.az\/wp-content\/uploads\/2025\/12\/a-nur-favicon.png\",\"width\":512,\"height\":512,\"caption\":\"A-Nur\"},\"image\":{\"@id\":\"https:\/\/a-nur.az\/#\/schema\/logo\/image\/\"}}]}<\/script>\n<!-- \/ Yoast SEO plugin. -->","yoast_head_json":{"title":"Biziml\u0259 \u018flaq\u0259 - A-Nur","robots":{"index":"index","follow":"follow","max-snippet":"max-snippet:-1","max-image-preview":"max-image-preview:large","max-video-preview":"max-video-preview:-1"},"canonical":"https:\/\/a-nur.az\/en\/bizimle-elaqe\/","og_locale":"en_US","og_type":"article","og_title":"Biziml\u0259 \u018flaq\u0259 - A-Nur","og_description":"B\u0130Z\u0130ML\u018f \u0259laq\u0259 Professional d\u0259st\u0259k \u00fc\u00e7\u00fcn haz\u0131r\u0131q Memarl\u0131q, tikinti v\u0259 ya t\u0259mir layih\u0259nizl\u0259 ba\u011fl\u0131 sual\u0131n\u0131z, \u0259m\u0259kda\u015fl\u0131q t\u0259klifiniz v\u0259 ya qiym\u0259t sor\u011funuz varsa biziml\u0259 \u0259laq\u0259 saxlay\u0131n. M\u00fcraci\u0259tiniz \u0259n q\u0131sa zamanda cavabland\u0131r\u0131lacaqd\u0131r. \u00dcnvan&hellip;","og_url":"https:\/\/a-nur.az\/en\/bizimle-elaqe\/","og_site_name":"A-Nur","article_modified_time":"2025-12-09T09:34:13+00:00","twitter_card":"summary_large_image","schema":{"@context":"https:\/\/schema.org","@graph":[{"@type":"WebPage","@id":"https:\/\/a-nur.az\/bizimle-elaqe\/","url":"https:\/\/a-nur.az\/bizimle-elaqe\/","name":"Biziml\u0259 \u018flaq\u0259 - A-Nur","isPartOf":{"@id":"https:\/\/a-nur.az\/#website"},"datePublished":"2023-03-07T11:12:41+00:00","dateModified":"2025-12-09T09:34:13+00:00","breadcrumb":{"@id":"https:\/\/a-nur.az\/bizimle-elaqe\/#breadcrumb"},"inLanguage":"en-US","potentialAction":[{"@type":"ReadAction","target":["https:\/\/a-nur.az\/bizimle-elaqe\/"]}]},{"@type":"BreadcrumbList","@id":"https:\/\/a-nur.az\/bizimle-elaqe\/#breadcrumb","itemListElement":[{"@type":"ListItem","position":1,"name":"Home","item":"https:\/\/a-nur.az\/"},{"@type":"ListItem","position":2,"name":"Biziml\u0259 \u018flaq\u0259"}]},{"@type":"WebSite","@id":"https:\/\/a-nur.az\/#website","url":"https:\/\/a-nur.az\/","name":"A-Nur","description":"Repair, construction and design works","publisher":{"@id":"https:\/\/a-nur.az\/#organization"},"potentialAction":[{"@type":"SearchAction","target":{"@type":"EntryPoint","urlTemplate":"https:\/\/a-nur.az\/?s={search_term_string}"},"query-input":{"@type":"PropertyValueSpecification","valueRequired":true,"valueName":"search_term_string"}}],"inLanguage":"en-US"},{"@type":"Organization","@id":"https:\/\/a-nur.az\/#organization","name":"A-Nur","url":"https:\/\/a-nur.az\/","logo":{"@type":"ImageObject","inLanguage":"en-US","@id":"https:\/\/a-nur.az\/#\/schema\/logo\/image\/","url":"https:\/\/a-nur.az\/wp-content\/uploads\/2025\/12\/a-nur-favicon.png","contentUrl":"https:\/\/a-nur.az\/wp-content\/uploads\/2025\/12\/a-nur-favicon.png","width":512,"height":512,"caption":"A-Nur"},"image":{"@id":"https:\/\/a-nur.az\/#\/schema\/logo\/image\/"}}]}},"_links":{"self":[{"href":"https:\/\/a-nur.az\/en\/wp-json\/wp\/v2\/pages\/1453","targetHints":{"allow":["GET"]}}],"collection":[{"href":"https:\/\/a-nur.az\/en\/wp-json\/wp\/v2\/pages"}],"about":[{"href":"https:\/\/a-nur.az\/en\/wp-json\/wp\/v2\/types\/page"}],"author":[{"embeddable":true,"href":"https:\/\/a-nur.az\/en\/wp-json\/wp\/v2\/users\/1"}],"replies":[{"embeddable":true,"href":"https:\/\/a-nur.az\/en\/wp-json\/wp\/v2\/comments?post=1453"}],"version-history":[{"count":26,"href":"https:\/\/a-nur.az\/en\/wp-json\/wp\/v2\/pages\/1453\/revisions"}],"predecessor-version":[{"id":35812,"href":"https:\/\/a-nur.az\/en\/wp-json\/wp\/v2\/pages\/1453\/revisions\/35812"}],"wp:attachment":[{"href":"https:\/\/a-nur.az\/en\/wp-json\/wp\/v2\/media?parent=1453"}],"curies":[{"name":"wp","href":"https:\/\/api.w.org\/{rel}","templated":true}]}}